{"id":5238,"date":"2018-10-22T15:10:48","date_gmt":"2018-10-22T15:10:48","guid":{"rendered":"http:\/\/bewateragency.es\/?page_id=5238"},"modified":"2018-10-22T15:10:48","modified_gmt":"2018-10-22T15:10:48","slug":"cookies-policy","status":"publish","type":"page","link":"https:\/\/bewateragency.es\/en\/cookies-policy\/","title":{"rendered":"Cookies policy"},"content":{"rendered":"<h2 style=\"text-align: center;\">Pol\u00edtica de cookies<\/h2>\n<p><strong>\u00bfQu\u00e9 son las cookies? <\/strong><\/p>\n<p>Una cookie es un fichero que se descarga en su ordenador al acceder a determinadas p\u00e1ginas web. Las cookies permiten a una p\u00e1gina web, entre otras cosas, almacenar y recuperar informaci\u00f3n sobre los h\u00e1bitos de navegaci\u00f3n de un usuario o de su equipo y, dependiendo de la informaci\u00f3n que contengan y de la forma en que utilice su equipo, pueden utilizarse para reconocer al usuario.<\/p>\n<p><strong>\u00bfQu\u00e9 tipos de cookies utiliza esta p\u00e1gina web? <\/strong><\/p>\n<p>Cookies de an\u00e1lisis: Son aqu\u00e9llas que bien tratadas por nosotros o por terceros, nos permiten cuantificar el n\u00famero de usuarios y as\u00ed realizar la medici\u00f3n y an\u00e1lisis estad\u00edstico de la utilizaci\u00f3n que hacen los usuarios del servicio ofertado. Para ello se analiza su navegaci\u00f3n en nuestra p\u00e1gina web con el fin de mejorar la oferta de productos o servicios que le ofrecemos.<\/p>\n<p>Cookies publicitarias: Son aqu\u00e9llas que, bien tratadas por nosotros o por terceros, nos permiten gestionar de la forma m\u00e1s eficaz posible la oferta de los espacios publicitarios que hay en la p\u00e1gina web, adecuando el contenido del anuncio al contenido del servicio solicitado o al uso que realice de nuestra p\u00e1gina web. Para ello podemos analizar sus h\u00e1bitos de navegaci\u00f3n en Internet y podemos mostrarle publicidad relacionada con su perfil de navegaci\u00f3n.<\/p>\n<p><strong>Configuraci\u00f3n de cookies para los navegadores m\u00e1s populares<\/strong><\/p>\n<p>A continuaci\u00f3n, le indicamos c\u00f3mo acceder a una cookie determinada del navegador Chrome: (Nota: estos pasos pueden variar en funci\u00f3n de la versi\u00f3n del navegador)<\/p>\n<p>Vaya a Configuraci\u00f3n o Preferencias mediante el men\u00fa Archivo o bien pinchando el icono de personalizaci\u00f3n que aparece arriba a la derecha.<\/p>\n<p>Ver\u00e1 diferentes secciones, pinche la opci\u00f3n Mostrar opciones avanzadas.<\/p>\n<p>Vaya a Privacidad, Configuraci\u00f3n de contenido.<\/p>\n<p>Seleccione Todas las cookies y los datos de sitios.<\/p>\n<p>Aparecer\u00e1 un listado con todas las cookies ordenadas por dominio. Para que le sea m\u00e1s f\u00e1cil encontrar las cookies de un determinado dominio introduzca parcial o totalmente la direcci\u00f3n en el campo Buscar cookies.<\/p>\n<p>Tras realizar este filtro aparecer\u00e1n en pantalla una o varias l\u00edneas con las cookies de la web solicitada. Ahora s\u00f3lo tiene que seleccionarla y pulsar la X para proceder a su eliminaci\u00f3n.<\/p>\n<p>Para acceder a la configuraci\u00f3n de cookies del navegador Internet Explorer: (Nota: estos pasos pueden variar en funci\u00f3n de la versi\u00f3n del navegador)<\/p>\n<p>Vaya a Herramientas, Opciones de Internet<\/p>\n<p>Haga click en Privacidad.<\/p>\n<p>Mueva el deslizador hasta ajustar el nivel de privacidad que desee.<\/p>\n<p>Para acceder a la configuraci\u00f3n de cookies del navegador Firefox: (Nota: estos pasos pueden variar en funci\u00f3n de la versi\u00f3n del navegador)<\/p>\n<p>Vaya a Opciones o Preferencias seg\u00fan su sistema operativo.<\/p>\n<p>Haga click en Privacidad.<\/p>\n<p>En Historial elija Usar una configuraci\u00f3n personalizada para el historial.<\/p>\n<p>Ahora ver\u00e1 la opci\u00f3n Aceptar cookies, puede activarla o desactivarla seg\u00fan sus preferencias.<\/p>\n<p>Para acceder a la configuraci\u00f3n de cookies del navegador Safari para OSX: (Nota: estos pasos pueden variar en funci\u00f3n de la versi\u00f3n del navegador)<\/p>\n<p>Vaya a Preferencias, luego Privacidad.<\/p>\n<p>En este lugar ver\u00e1 la opci\u00f3n Bloquear cookies para que ajuste el tipo de bloqueo que desea realizar.<\/p>\n<p>Para acceder a la configuraci\u00f3n de cookies del navegador Safari para iOS: (Nota: estos pasos pueden variar en funci\u00f3n de la versi\u00f3n del navegador)<\/p>\n<p>Vaya a Ajustes, luego Safari.<\/p>\n<p>Vaya a Privacidad y Seguridad, ver\u00e1 la opci\u00f3n Bloquear cookies para que ajuste el tipo de bloqueo que desea realizar.<\/p>\n<p>Para acceder a la configuraci\u00f3n de cookies del navegador para dispositivos Android: (Nota: estos pasos pueden variar en funci\u00f3n de la versi\u00f3n del navegador)<\/p>\n<p>Ejecute el navegador y pulse la tecla Men\u00fa, luego Ajustes.<\/p>\n<p>Vaya a Seguridad y Privacidad, ver\u00e1 la opci\u00f3n Aceptar cookies para que active o desactive la casilla.<\/p>\n<p>Para acceder a la configuraci\u00f3n de cookies del navegador para dispositivos Windows Phone: (Nota: estos pasos pueden variar en funci\u00f3n de la versi\u00f3n del navegador)<\/p>\n<p>Abra Internet Explorer, luego M\u00e1s, luego Configuraci\u00f3n<\/p>\n<p>Ahora puede activar o desactivar la casilla Permitir cookies.<\/p>\n<p><strong>Pol\u00edtica de enlaces<\/strong><\/p>\n<p>El sitio web puede contener enlaces a otros sitios web con pol\u00edticas de privacidad diferentes a la de \u00e9ste. JOAQUIN RUBIO FERRERO no se hace responsable del contenido o pr\u00e1cticas de los sitios enlazados y se recomienda al usuario la lectura detallada de la pol\u00edtica de privacidad de cualquier sitio web al que acceda desde \u00e9ste.<\/p>\n<p><strong>Propiedad intelectual e industrial<\/strong><\/p>\n<p>Los derechos de propiedad intelectual e industrial, derechos de explotaci\u00f3n y reproducci\u00f3n de este sitio web (p\u00e1ginas, pantallas, informaci\u00f3n, apariencia, estructura y dise\u00f1o, c\u00f3digo fuente, archivos de audio y software, as\u00ed como los v\u00ednculos) son propiedad, han sido cedidos o son objeto de licencia, a favor de JOAQUIN RUBIO FERRERO salvo que se especifique otra cosa.<\/p>\n<p>La denominaci\u00f3n, el dise\u00f1o y los logotipos que componen este sitio web son marcas debidamente registradas. Su uso indebido podr\u00e1 ser perseguido de conformidad con la legislaci\u00f3n vigente.<\/p>\n<p>Los derechos de propiedad intelectual y marcas de terceros est\u00e1n destacados y el usuario debe respetarlos, en cualquier caso.<\/p>\n","protected":false},"excerpt":{"rendered":"<p>Pol\u00edtica de cookies \u00bfQu\u00e9 son las cookies? Una cookie es un fichero que se descarga en su ordenador al acceder a determinadas p\u00e1ginas web. Las cookies permiten a una p\u00e1gina web, entre otras cosas, almacenar y recuperar informaci\u00f3n sobre los h\u00e1bitos de navegaci\u00f3n de un usuario o de su equipo y, dependiendo de la informaci\u00f3n [&hellip;]<\/p>\n","protected":false},"author":1,"featured_media":0,"parent":0,"menu_order":0,"comment_status":"closed","ping_status":"closed","template":"","meta":{"footnotes":""},"class_list":["post-5238","page","type-page","status-publish","hentry"],"yoast_head":"<!-- This site is optimized with the Yoast SEO plugin v27.2 - https:\/\/yoast.com\/product\/yoast-seo-wordpress\/ -->\n<title>Cookies policy - Bewateragency<\/title>\n<meta name=\"robots\" content=\"index, follow, max-snippet:-1, max-image-preview:large, max-video-preview:-1\" \/>\n<link rel=\"canonical\" href=\"https:\/\/bewateragency.es\/en\/cookies-policy\/\" \/>\n<meta property=\"og:locale\" content=\"en_US\" \/>\n<meta property=\"og:type\" content=\"article\" \/>\n<meta property=\"og:title\" content=\"Cookies policy - Bewateragency\" \/>\n<meta property=\"og:description\" content=\"Pol\u00edtica de cookies \u00bfQu\u00e9 son las cookies? Una cookie es un fichero que se descarga en su ordenador al acceder a determinadas p\u00e1ginas web. Las cookies permiten a una p\u00e1gina web, entre otras cosas, almacenar y recuperar informaci\u00f3n sobre los h\u00e1bitos de navegaci\u00f3n de un usuario o de su equipo y, dependiendo de la informaci\u00f3n [&hellip;]\" \/>\n<meta property=\"og:url\" content=\"https:\/\/bewateragency.es\/en\/cookies-policy\/\" \/>\n<meta property=\"og:site_name\" content=\"Bewateragency\" \/>\n<meta property=\"article:publisher\" content=\"https:\/\/www.facebook.com\/pages\/Bewateragency\/332703026904437?ref=hl\" \/>\n<meta property=\"og:image\" content=\"https:\/\/bewateragency.es\/wp-content\/uploads\/2015\/04\/bw-mainlogo.png\" \/>\n\t<meta property=\"og:image:width\" content=\"500\" \/>\n\t<meta property=\"og:image:height\" content=\"348\" \/>\n\t<meta property=\"og:image:type\" content=\"image\/png\" \/>\n<meta name=\"twitter:card\" content=\"summary_large_image\" \/>\n<meta name=\"twitter:site\" content=\"@bewateragency\" \/>\n<meta name=\"twitter:label1\" content=\"Est. reading time\" \/>\n\t<meta name=\"twitter:data1\" content=\"4 minutes\" \/>\n<script type=\"application\/ld+json\" class=\"yoast-schema-graph\">{\"@context\":\"https:\/\/schema.org\",\"@graph\":[{\"@type\":\"WebPage\",\"@id\":\"https:\/\/bewateragency.es\/en\/cookies-policy\/\",\"url\":\"https:\/\/bewateragency.es\/en\/cookies-policy\/\",\"name\":\"Cookies policy - Bewateragency\",\"isPartOf\":{\"@id\":\"https:\/\/bewateragency.es\/#website\"},\"datePublished\":\"2018-10-22T15:10:48+00:00\",\"breadcrumb\":{\"@id\":\"https:\/\/bewateragency.es\/en\/cookies-policy\/#breadcrumb\"},\"inLanguage\":\"en-US\",\"potentialAction\":[{\"@type\":\"ReadAction\",\"target\":[\"https:\/\/bewateragency.es\/en\/cookies-policy\/\"]}]},{\"@type\":\"BreadcrumbList\",\"@id\":\"https:\/\/bewateragency.es\/en\/cookies-policy\/#breadcrumb\",\"itemListElement\":[{\"@type\":\"ListItem\",\"position\":1,\"name\":\"Portada\",\"item\":\"https:\/\/bewateragency.es\/en\/\"},{\"@type\":\"ListItem\",\"position\":2,\"name\":\"Cookies policy\"}]},{\"@type\":\"WebSite\",\"@id\":\"https:\/\/bewateragency.es\/#website\",\"url\":\"https:\/\/bewateragency.es\/\",\"name\":\"Bewateragency\",\"description\":\"Agencia de modelos, actores y azafatas, Producci\u00f3n audiovisual en Tenerife, canarias.\",\"publisher\":{\"@id\":\"https:\/\/bewateragency.es\/#organization\"},\"potentialAction\":[{\"@type\":\"SearchAction\",\"target\":{\"@type\":\"EntryPoint\",\"urlTemplate\":\"https:\/\/bewateragency.es\/?s={search_term_string}\"},\"query-input\":{\"@type\":\"PropertyValueSpecification\",\"valueRequired\":true,\"valueName\":\"search_term_string\"}}],\"inLanguage\":\"en-US\"},{\"@type\":\"Organization\",\"@id\":\"https:\/\/bewateragency.es\/#organization\",\"name\":\"BewaterAgency\",\"url\":\"https:\/\/bewateragency.es\/\",\"logo\":{\"@type\":\"ImageObject\",\"inLanguage\":\"en-US\",\"@id\":\"https:\/\/bewateragency.es\/#\/schema\/logo\/image\/\",\"url\":\"https:\/\/bewateragency.es\/wp-content\/uploads\/2015\/04\/bw-mainlogo.png\",\"contentUrl\":\"https:\/\/bewateragency.es\/wp-content\/uploads\/2015\/04\/bw-mainlogo.png\",\"width\":500,\"height\":348,\"caption\":\"BewaterAgency\"},\"image\":{\"@id\":\"https:\/\/bewateragency.es\/#\/schema\/logo\/image\/\"},\"sameAs\":[\"https:\/\/www.facebook.com\/pages\/Bewateragency\/332703026904437?ref=hl\",\"https:\/\/x.com\/bewateragency\",\"http:\/\/instagram.com\/bewateragency\"]}]}<\/script>\n<!-- \/ Yoast SEO plugin. -->","yoast_head_json":{"title":"Cookies policy - Bewateragency","robots":{"index":"index","follow":"follow","max-snippet":"max-snippet:-1","max-image-preview":"max-image-preview:large","max-video-preview":"max-video-preview:-1"},"canonical":"https:\/\/bewateragency.es\/en\/cookies-policy\/","og_locale":"en_US","og_type":"article","og_title":"Cookies policy - Bewateragency","og_description":"Pol\u00edtica de cookies \u00bfQu\u00e9 son las cookies? Una cookie es un fichero que se descarga en su ordenador al acceder a determinadas p\u00e1ginas web. Las cookies permiten a una p\u00e1gina web, entre otras cosas, almacenar y recuperar informaci\u00f3n sobre los h\u00e1bitos de navegaci\u00f3n de un usuario o de su equipo y, dependiendo de la informaci\u00f3n [&hellip;]","og_url":"https:\/\/bewateragency.es\/en\/cookies-policy\/","og_site_name":"Bewateragency","article_publisher":"https:\/\/www.facebook.com\/pages\/Bewateragency\/332703026904437?ref=hl","og_image":[{"width":500,"height":348,"url":"https:\/\/bewateragency.es\/wp-content\/uploads\/2015\/04\/bw-mainlogo.png","type":"image\/png"}],"twitter_card":"summary_large_image","twitter_site":"@bewateragency","twitter_misc":{"Est. reading time":"4 minutes"},"schema":{"@context":"https:\/\/schema.org","@graph":[{"@type":"WebPage","@id":"https:\/\/bewateragency.es\/en\/cookies-policy\/","url":"https:\/\/bewateragency.es\/en\/cookies-policy\/","name":"Cookies policy - Bewateragency","isPartOf":{"@id":"https:\/\/bewateragency.es\/#website"},"datePublished":"2018-10-22T15:10:48+00:00","breadcrumb":{"@id":"https:\/\/bewateragency.es\/en\/cookies-policy\/#breadcrumb"},"inLanguage":"en-US","potentialAction":[{"@type":"ReadAction","target":["https:\/\/bewateragency.es\/en\/cookies-policy\/"]}]},{"@type":"BreadcrumbList","@id":"https:\/\/bewateragency.es\/en\/cookies-policy\/#breadcrumb","itemListElement":[{"@type":"ListItem","position":1,"name":"Portada","item":"https:\/\/bewateragency.es\/en\/"},{"@type":"ListItem","position":2,"name":"Cookies policy"}]},{"@type":"WebSite","@id":"https:\/\/bewateragency.es\/#website","url":"https:\/\/bewateragency.es\/","name":"Bewateragency","description":"Agencia de modelos, actores y azafatas, Producci\u00f3n audiovisual en Tenerife, canarias.","publisher":{"@id":"https:\/\/bewateragency.es\/#organization"},"potentialAction":[{"@type":"SearchAction","target":{"@type":"EntryPoint","urlTemplate":"https:\/\/bewateragency.es\/?s={search_term_string}"},"query-input":{"@type":"PropertyValueSpecification","valueRequired":true,"valueName":"search_term_string"}}],"inLanguage":"en-US"},{"@type":"Organization","@id":"https:\/\/bewateragency.es\/#organization","name":"BewaterAgency","url":"https:\/\/bewateragency.es\/","logo":{"@type":"ImageObject","inLanguage":"en-US","@id":"https:\/\/bewateragency.es\/#\/schema\/logo\/image\/","url":"https:\/\/bewateragency.es\/wp-content\/uploads\/2015\/04\/bw-mainlogo.png","contentUrl":"https:\/\/bewateragency.es\/wp-content\/uploads\/2015\/04\/bw-mainlogo.png","width":500,"height":348,"caption":"BewaterAgency"},"image":{"@id":"https:\/\/bewateragency.es\/#\/schema\/logo\/image\/"},"sameAs":["https:\/\/www.facebook.com\/pages\/Bewateragency\/332703026904437?ref=hl","https:\/\/x.com\/bewateragency","http:\/\/instagram.com\/bewateragency"]}]}},"_links":{"self":[{"href":"https:\/\/bewateragency.es\/en\/wp-json\/wp\/v2\/pages\/5238","targetHints":{"allow":["GET"]}}],"collection":[{"href":"https:\/\/bewateragency.es\/en\/wp-json\/wp\/v2\/pages"}],"about":[{"href":"https:\/\/bewateragency.es\/en\/wp-json\/wp\/v2\/types\/page"}],"author":[{"embeddable":true,"href":"https:\/\/bewateragency.es\/en\/wp-json\/wp\/v2\/users\/1"}],"replies":[{"embeddable":true,"href":"https:\/\/bewateragency.es\/en\/wp-json\/wp\/v2\/comments?post=5238"}],"version-history":[{"count":0,"href":"https:\/\/bewateragency.es\/en\/wp-json\/wp\/v2\/pages\/5238\/revisions"}],"wp:attachment":[{"href":"https:\/\/bewateragency.es\/en\/wp-json\/wp\/v2\/media?parent=5238"}],"curies":[{"name":"wp","href":"https:\/\/api.w.org\/{rel}","templated":true}]}}