{"id":5240,"date":"2018-10-22T15:08:12","date_gmt":"2018-10-22T15:08:12","guid":{"rendered":"http:\/\/bewateragency.es\/?page_id=5240"},"modified":"2018-10-22T15:08:12","modified_gmt":"2018-10-22T15:08:12","slug":"privacy-policy-and-data-protection","status":"publish","type":"page","link":"https:\/\/bewateragency.es\/en\/privacy-policy-and-data-protection\/","title":{"rendered":"Privacy policy and data protection"},"content":{"rendered":"<h2 style=\"text-align: center;\">Pol\u00edtica de privacidad y protecci\u00f3n de datos<\/h2>\n<p>Los datos de car\u00e1cter personal que se faciliten por v\u00eda electr\u00f3nica mediante los formularios que hay en el sitio web ser\u00e1n tratados para atender a su solicitud, enviarle publicidad de nuestros productos\/servicios por cualquier medio (f\u00edsico o electr\u00f3nico) e invitarles a eventos organizados por la empresa. Los datos del tratamiento son:<\/p>\n<p><strong>\u00bfQui\u00e9n es el responsable?<\/strong><\/p>\n<table width=\"690\">\n<tbody>\n<tr>\n<td width=\"132\">Responsable:<\/td>\n<td width=\"558\">JOAQUIN RUBIO FERRERO<\/td>\n<\/tr>\n<tr>\n<td width=\"132\">Direcci\u00f3n:<\/td>\n<td width=\"558\">CALLE MARIA CRISTINA 6 BAJO &#8211; 38004 &#8211; SANTA CRUZ DE TENERIFE<\/td>\n<\/tr>\n<tr>\n<td width=\"132\">Tel\u00e9fono:<\/td>\n<td width=\"558\">660028560<\/td>\n<\/tr>\n<tr>\n<td width=\"132\">Correo:<\/td>\n<td width=\"558\">joarubio@gmail.com<\/td>\n<\/tr>\n<\/tbody>\n<\/table>\n<p>&nbsp;<\/p>\n<p><strong>\u00bfCon qu\u00e9 finalidad tratamos sus datos personales?<\/strong><\/p>\n<p>Enviar informaci\u00f3n y prospecci\u00f3n comercial.<br \/>\nCon la finalidad de poderle ofrecer productos y servicios de acuerdo con sus intereses, mejorar su experiencia de usuario elaboraremos un perfil comercial en base a la informaci\u00f3n facilitada. No se tomar\u00e1n decisiones automatizadas en base a ese perfil.<\/p>\n<p><strong>\u00bfPor cu\u00e1nto tiempo conservaremos sus datos?<\/strong><\/p>\n<p>Mientras dure la relaci\u00f3n contractual en caso de ser cliente.<br \/>\nDurante un plazo de un a\u00f1o a partir de la \u00faltima confirmaci\u00f3n de inter\u00e9s en caso de no ser cliente.<\/p>\n<p><strong>\u00bfCu\u00e1l es la legitimaci\u00f3n para el tratamiento de sus datos personales?<\/strong><\/p>\n<p>La oferta prospectiva de productos y servicios est\u00e1 basada en su consentimiento, sin que en ning\u00fan caso la retirada del consentimiento condiciones la ejecuci\u00f3n del contrato de servicios.<\/p>\n<p><strong>\u00bfA qu\u00e9 destinatarios se comunicar\u00e1n sus datos?<\/strong><\/p>\n<p>Nunca ser\u00e1n cedidos a terceros.<\/p>\n<p><strong>\u00bfCu\u00e1les son sus derechos cuando nos facilita sus datos personales?<\/strong><\/p>\n<p>Cualquier persona tiene derecho a obtener confirmaci\u00f3n sobre si estamos tratando datos personales que les conciernan, o no. Las personas interesadas tienen derecho a acceder a sus datos personales, as\u00ed como a solicitar la rectificaci\u00f3n de los datos inexactos o, en su caso, solicitar su supresi\u00f3n cuando, entre otros motivos, los datos ya no sean necesarios para los fines que fueron recogidos. En determinadas circunstancias, los interesados podr\u00e1n solicitar la limitaci\u00f3n del tratamiento de sus datos, en cuyo caso \u00fanicamente los conservaremos para el ejercicio o la defensa de reclamaciones. En determinadas circunstancias y por motivos relacionados con su situaci\u00f3n particular, los interesados podr\u00e1n oponerse al tratamiento de sus datos. Adem\u00e1s, pueden presentar reclamaciones de sus derechos ante la Autoridad de Control (www.aepd.es).<\/p>\n","protected":false},"excerpt":{"rendered":"<p>Pol\u00edtica de privacidad y protecci\u00f3n de datos Los datos de car\u00e1cter personal que se faciliten por v\u00eda electr\u00f3nica mediante los formularios que hay en el sitio web ser\u00e1n tratados para atender a su solicitud, enviarle publicidad de nuestros productos\/servicios por cualquier medio (f\u00edsico o electr\u00f3nico) e invitarles a eventos organizados por la empresa. Los datos [&hellip;]<\/p>\n","protected":false},"author":1,"featured_media":0,"parent":0,"menu_order":0,"comment_status":"closed","ping_status":"closed","template":"","meta":{"footnotes":""},"class_list":["post-5240","page","type-page","status-publish","hentry"],"yoast_head":"<!-- This site is optimized with the Yoast SEO plugin v27.2 - https:\/\/yoast.com\/product\/yoast-seo-wordpress\/ -->\n<title>Privacy policy and data protection - Bewateragency<\/title>\n<meta name=\"robots\" content=\"index, follow, max-snippet:-1, max-image-preview:large, max-video-preview:-1\" \/>\n<link rel=\"canonical\" href=\"https:\/\/bewateragency.es\/en\/privacy-policy-and-data-protection\/\" \/>\n<meta property=\"og:locale\" content=\"en_US\" \/>\n<meta property=\"og:type\" content=\"article\" \/>\n<meta property=\"og:title\" content=\"Privacy policy and data protection - Bewateragency\" \/>\n<meta property=\"og:description\" content=\"Pol\u00edtica de privacidad y protecci\u00f3n de datos Los datos de car\u00e1cter personal que se faciliten por v\u00eda electr\u00f3nica mediante los formularios que hay en el sitio web ser\u00e1n tratados para atender a su solicitud, enviarle publicidad de nuestros productos\/servicios por cualquier medio (f\u00edsico o electr\u00f3nico) e invitarles a eventos organizados por la empresa. Los datos [&hellip;]\" \/>\n<meta property=\"og:url\" content=\"https:\/\/bewateragency.es\/en\/privacy-policy-and-data-protection\/\" \/>\n<meta property=\"og:site_name\" content=\"Bewateragency\" \/>\n<meta property=\"article:publisher\" content=\"https:\/\/www.facebook.com\/pages\/Bewateragency\/332703026904437?ref=hl\" \/>\n<meta property=\"og:image\" content=\"https:\/\/bewateragency.es\/wp-content\/uploads\/2015\/04\/bw-mainlogo.png\" \/>\n\t<meta property=\"og:image:width\" content=\"500\" \/>\n\t<meta property=\"og:image:height\" content=\"348\" \/>\n\t<meta property=\"og:image:type\" content=\"image\/png\" \/>\n<meta name=\"twitter:card\" content=\"summary_large_image\" \/>\n<meta name=\"twitter:site\" content=\"@bewateragency\" \/>\n<meta name=\"twitter:label1\" content=\"Est. reading time\" \/>\n\t<meta name=\"twitter:data1\" content=\"2 minutes\" \/>\n<script type=\"application\/ld+json\" class=\"yoast-schema-graph\">{\"@context\":\"https:\/\/schema.org\",\"@graph\":[{\"@type\":\"WebPage\",\"@id\":\"https:\/\/bewateragency.es\/en\/privacy-policy-and-data-protection\/\",\"url\":\"https:\/\/bewateragency.es\/en\/privacy-policy-and-data-protection\/\",\"name\":\"Privacy policy and data protection - Bewateragency\",\"isPartOf\":{\"@id\":\"https:\/\/bewateragency.es\/#website\"},\"datePublished\":\"2018-10-22T15:08:12+00:00\",\"breadcrumb\":{\"@id\":\"https:\/\/bewateragency.es\/en\/privacy-policy-and-data-protection\/#breadcrumb\"},\"inLanguage\":\"en-US\",\"potentialAction\":[{\"@type\":\"ReadAction\",\"target\":[\"https:\/\/bewateragency.es\/en\/privacy-policy-and-data-protection\/\"]}]},{\"@type\":\"BreadcrumbList\",\"@id\":\"https:\/\/bewateragency.es\/en\/privacy-policy-and-data-protection\/#breadcrumb\",\"itemListElement\":[{\"@type\":\"ListItem\",\"position\":1,\"name\":\"Portada\",\"item\":\"https:\/\/bewateragency.es\/en\/\"},{\"@type\":\"ListItem\",\"position\":2,\"name\":\"Privacy policy and data protection\"}]},{\"@type\":\"WebSite\",\"@id\":\"https:\/\/bewateragency.es\/#website\",\"url\":\"https:\/\/bewateragency.es\/\",\"name\":\"Bewateragency\",\"description\":\"Agencia de modelos, actores y azafatas, Producci\u00f3n audiovisual en Tenerife, canarias.\",\"publisher\":{\"@id\":\"https:\/\/bewateragency.es\/#organization\"},\"potentialAction\":[{\"@type\":\"SearchAction\",\"target\":{\"@type\":\"EntryPoint\",\"urlTemplate\":\"https:\/\/bewateragency.es\/?s={search_term_string}\"},\"query-input\":{\"@type\":\"PropertyValueSpecification\",\"valueRequired\":true,\"valueName\":\"search_term_string\"}}],\"inLanguage\":\"en-US\"},{\"@type\":\"Organization\",\"@id\":\"https:\/\/bewateragency.es\/#organization\",\"name\":\"BewaterAgency\",\"url\":\"https:\/\/bewateragency.es\/\",\"logo\":{\"@type\":\"ImageObject\",\"inLanguage\":\"en-US\",\"@id\":\"https:\/\/bewateragency.es\/#\/schema\/logo\/image\/\",\"url\":\"https:\/\/bewateragency.es\/wp-content\/uploads\/2015\/04\/bw-mainlogo.png\",\"contentUrl\":\"https:\/\/bewateragency.es\/wp-content\/uploads\/2015\/04\/bw-mainlogo.png\",\"width\":500,\"height\":348,\"caption\":\"BewaterAgency\"},\"image\":{\"@id\":\"https:\/\/bewateragency.es\/#\/schema\/logo\/image\/\"},\"sameAs\":[\"https:\/\/www.facebook.com\/pages\/Bewateragency\/332703026904437?ref=hl\",\"https:\/\/x.com\/bewateragency\",\"http:\/\/instagram.com\/bewateragency\"]}]}<\/script>\n<!-- \/ Yoast SEO plugin. -->","yoast_head_json":{"title":"Privacy policy and data protection - Bewateragency","robots":{"index":"index","follow":"follow","max-snippet":"max-snippet:-1","max-image-preview":"max-image-preview:large","max-video-preview":"max-video-preview:-1"},"canonical":"https:\/\/bewateragency.es\/en\/privacy-policy-and-data-protection\/","og_locale":"en_US","og_type":"article","og_title":"Privacy policy and data protection - Bewateragency","og_description":"Pol\u00edtica de privacidad y protecci\u00f3n de datos Los datos de car\u00e1cter personal que se faciliten por v\u00eda electr\u00f3nica mediante los formularios que hay en el sitio web ser\u00e1n tratados para atender a su solicitud, enviarle publicidad de nuestros productos\/servicios por cualquier medio (f\u00edsico o electr\u00f3nico) e invitarles a eventos organizados por la empresa. Los datos [&hellip;]","og_url":"https:\/\/bewateragency.es\/en\/privacy-policy-and-data-protection\/","og_site_name":"Bewateragency","article_publisher":"https:\/\/www.facebook.com\/pages\/Bewateragency\/332703026904437?ref=hl","og_image":[{"width":500,"height":348,"url":"https:\/\/bewateragency.es\/wp-content\/uploads\/2015\/04\/bw-mainlogo.png","type":"image\/png"}],"twitter_card":"summary_large_image","twitter_site":"@bewateragency","twitter_misc":{"Est. reading time":"2 minutes"},"schema":{"@context":"https:\/\/schema.org","@graph":[{"@type":"WebPage","@id":"https:\/\/bewateragency.es\/en\/privacy-policy-and-data-protection\/","url":"https:\/\/bewateragency.es\/en\/privacy-policy-and-data-protection\/","name":"Privacy policy and data protection - Bewateragency","isPartOf":{"@id":"https:\/\/bewateragency.es\/#website"},"datePublished":"2018-10-22T15:08:12+00:00","breadcrumb":{"@id":"https:\/\/bewateragency.es\/en\/privacy-policy-and-data-protection\/#breadcrumb"},"inLanguage":"en-US","potentialAction":[{"@type":"ReadAction","target":["https:\/\/bewateragency.es\/en\/privacy-policy-and-data-protection\/"]}]},{"@type":"BreadcrumbList","@id":"https:\/\/bewateragency.es\/en\/privacy-policy-and-data-protection\/#breadcrumb","itemListElement":[{"@type":"ListItem","position":1,"name":"Portada","item":"https:\/\/bewateragency.es\/en\/"},{"@type":"ListItem","position":2,"name":"Privacy policy and data protection"}]},{"@type":"WebSite","@id":"https:\/\/bewateragency.es\/#website","url":"https:\/\/bewateragency.es\/","name":"Bewateragency","description":"Agencia de modelos, actores y azafatas, Producci\u00f3n audiovisual en Tenerife, canarias.","publisher":{"@id":"https:\/\/bewateragency.es\/#organization"},"potentialAction":[{"@type":"SearchAction","target":{"@type":"EntryPoint","urlTemplate":"https:\/\/bewateragency.es\/?s={search_term_string}"},"query-input":{"@type":"PropertyValueSpecification","valueRequired":true,"valueName":"search_term_string"}}],"inLanguage":"en-US"},{"@type":"Organization","@id":"https:\/\/bewateragency.es\/#organization","name":"BewaterAgency","url":"https:\/\/bewateragency.es\/","logo":{"@type":"ImageObject","inLanguage":"en-US","@id":"https:\/\/bewateragency.es\/#\/schema\/logo\/image\/","url":"https:\/\/bewateragency.es\/wp-content\/uploads\/2015\/04\/bw-mainlogo.png","contentUrl":"https:\/\/bewateragency.es\/wp-content\/uploads\/2015\/04\/bw-mainlogo.png","width":500,"height":348,"caption":"BewaterAgency"},"image":{"@id":"https:\/\/bewateragency.es\/#\/schema\/logo\/image\/"},"sameAs":["https:\/\/www.facebook.com\/pages\/Bewateragency\/332703026904437?ref=hl","https:\/\/x.com\/bewateragency","http:\/\/instagram.com\/bewateragency"]}]}},"_links":{"self":[{"href":"https:\/\/bewateragency.es\/en\/wp-json\/wp\/v2\/pages\/5240","targetHints":{"allow":["GET"]}}],"collection":[{"href":"https:\/\/bewateragency.es\/en\/wp-json\/wp\/v2\/pages"}],"about":[{"href":"https:\/\/bewateragency.es\/en\/wp-json\/wp\/v2\/types\/page"}],"author":[{"embeddable":true,"href":"https:\/\/bewateragency.es\/en\/wp-json\/wp\/v2\/users\/1"}],"replies":[{"embeddable":true,"href":"https:\/\/bewateragency.es\/en\/wp-json\/wp\/v2\/comments?post=5240"}],"version-history":[{"count":0,"href":"https:\/\/bewateragency.es\/en\/wp-json\/wp\/v2\/pages\/5240\/revisions"}],"wp:attachment":[{"href":"https:\/\/bewateragency.es\/en\/wp-json\/wp\/v2\/media?parent=5240"}],"curies":[{"name":"wp","href":"https:\/\/api.w.org\/{rel}","templated":true}]}}