{"id":723,"date":"2015-04-01T23:00:55","date_gmt":"2015-04-01T23:00:55","guid":{"rendered":"http:\/\/bewateragency.es\/terminos-y-condiciones-de-uso-2\/"},"modified":"2018-10-22T15:05:15","modified_gmt":"2018-10-22T15:05:15","slug":"legal-notice","status":"publish","type":"page","link":"https:\/\/bewateragency.es\/en\/legal-notice\/","title":{"rendered":"Legal Notice"},"content":{"rendered":"<h2 style=\"text-align: center;\">AVISO LEGAL Y CONDICIONES DE USO DEL SITIO<\/h2>\n<p style=\"text-align: center;\"><strong>Informaci\u00f3n general<\/strong><\/p>\n<p>De acuerdo con el deber de informaci\u00f3n exigido en la Ley 34\/2002, de 11 de julio, de Servicios de la Sociedad de la Informaci\u00f3n y Comercio Electr\u00f3nico, se detallan a continuaci\u00f3n los datos de informaci\u00f3n general del sitio web:<\/p>\n<p>JOAQUIN RUBIO FERRERO- 09760425F<br \/>\nCALLE MARIA CRISTINA 6 BAJO- 38004 &#8211; SANTA CRUZ DE TENERIFE<br \/>\n&#8211;<br \/>\nTel\u00e9fono: 660028560<br \/>\nCorreo Electr\u00f3nico: joarubio@gmail.com<\/p>\n<p style=\"text-align: center;\"><strong>T\u00e9rminos y condiciones de uso<\/strong><\/p>\n<p>El acceso y utilizaci\u00f3n de este sitio web atribuye al visitante la condici\u00f3n de usuario. Ello supone que el usuario acepta las condiciones de uso vigentes en cada momento y se compromete a hacer un uso adecuado de los contenidos del sitio web y a observar y cumplir rigurosamente cuanto se disponga en este aviso y en las normas que sean de aplicaci\u00f3n.<\/p>\n<p>Asimismo, el usuario se compromete a:<br \/>\nSuministrar informaci\u00f3n veraz sobre los datos de registro y a mantenerlos actualizados;<br \/>\nNo difundir contenidos contrarios a la ley o a la dignidad de la persona; que sean discriminatorios por raz\u00f3n de nacimiento, raza, sexo, religi\u00f3n, opini\u00f3n o cualquier otra condici\u00f3n o circunstancia personal o social; o que, de cualquier modo, sean contrarios a la ley y al orden p\u00fablico;<br \/>\nJOAQUIN RUBIO FERRERO se reserva el derecho a efectuar las modificaciones que estime convenientes, a\u00f1adiendo, cambiando o eliminando contenidos o servicios prestados a trav\u00e9s del sitio web; as\u00ed como el de retirar cualquier aportaci\u00f3n o comentario que contravenga las reglas descritas anteriormente.<br \/>\nJOAQUIN RUBIO FERRERO no se har\u00e1 responsable en ning\u00fan caso de las opiniones vertidas por el usuario a trav\u00e9s de las herramientas de participaci\u00f3n ofrecidas por el sitio web.<br \/>\nEl acceso al sitio web es libre y gratuito para el usuario en todas sus partes, contenidos, etc.<br \/>\nEl usuario declara, bajo su responsabilidad, ser mayor de edad y disponer de la capacidad suficiente para vincularse a las presentes condiciones.<\/p>\n","protected":false},"excerpt":{"rendered":"<p>AVISO LEGAL Y CONDICIONES DE USO DEL SITIO Informaci\u00f3n general De acuerdo con el deber de informaci\u00f3n exigido en la Ley 34\/2002, de 11 de julio, de Servicios de la Sociedad de la Informaci\u00f3n y Comercio Electr\u00f3nico, se detallan a continuaci\u00f3n los datos de informaci\u00f3n general del sitio web: JOAQUIN RUBIO FERRERO- 09760425F CALLE MARIA [&hellip;]<\/p>\n","protected":false},"author":1,"featured_media":0,"parent":0,"menu_order":0,"comment_status":"closed","ping_status":"closed","template":"","meta":{"footnotes":""},"class_list":["post-723","page","type-page","status-publish","hentry"],"yoast_head":"<!-- This site is optimized with the Yoast SEO plugin v27.2 - https:\/\/yoast.com\/product\/yoast-seo-wordpress\/ -->\n<title>Legal Notice - Bewateragency<\/title>\n<meta name=\"robots\" content=\"index, follow, max-snippet:-1, max-image-preview:large, max-video-preview:-1\" \/>\n<link rel=\"canonical\" href=\"https:\/\/bewateragency.es\/en\/legal-notice\/\" \/>\n<meta property=\"og:locale\" content=\"en_US\" \/>\n<meta property=\"og:type\" content=\"article\" \/>\n<meta property=\"og:title\" content=\"Legal Notice - Bewateragency\" \/>\n<meta property=\"og:description\" content=\"AVISO LEGAL Y CONDICIONES DE USO DEL SITIO Informaci\u00f3n general De acuerdo con el deber de informaci\u00f3n exigido en la Ley 34\/2002, de 11 de julio, de Servicios de la Sociedad de la Informaci\u00f3n y Comercio Electr\u00f3nico, se detallan a continuaci\u00f3n los datos de informaci\u00f3n general del sitio web: JOAQUIN RUBIO FERRERO- 09760425F CALLE MARIA [&hellip;]\" \/>\n<meta property=\"og:url\" content=\"https:\/\/bewateragency.es\/en\/legal-notice\/\" \/>\n<meta property=\"og:site_name\" content=\"Bewateragency\" \/>\n<meta property=\"article:publisher\" content=\"https:\/\/www.facebook.com\/pages\/Bewateragency\/332703026904437?ref=hl\" \/>\n<meta property=\"article:modified_time\" content=\"2018-10-22T15:05:15+00:00\" \/>\n<meta property=\"og:image\" content=\"https:\/\/bewateragency.es\/wp-content\/uploads\/2015\/04\/bw-mainlogo.png\" \/>\n\t<meta property=\"og:image:width\" content=\"500\" \/>\n\t<meta property=\"og:image:height\" content=\"348\" \/>\n\t<meta property=\"og:image:type\" content=\"image\/png\" \/>\n<meta name=\"twitter:card\" content=\"summary_large_image\" \/>\n<meta name=\"twitter:site\" content=\"@bewateragency\" \/>\n<meta name=\"twitter:label1\" content=\"Est. reading time\" \/>\n\t<meta name=\"twitter:data1\" content=\"2 minutes\" \/>\n<script type=\"application\/ld+json\" class=\"yoast-schema-graph\">{\"@context\":\"https:\/\/schema.org\",\"@graph\":[{\"@type\":\"WebPage\",\"@id\":\"https:\/\/bewateragency.es\/en\/legal-notice\/\",\"url\":\"https:\/\/bewateragency.es\/en\/legal-notice\/\",\"name\":\"Legal Notice - Bewateragency\",\"isPartOf\":{\"@id\":\"https:\/\/bewateragency.es\/#website\"},\"datePublished\":\"2015-04-01T23:00:55+00:00\",\"dateModified\":\"2018-10-22T15:05:15+00:00\",\"breadcrumb\":{\"@id\":\"https:\/\/bewateragency.es\/en\/legal-notice\/#breadcrumb\"},\"inLanguage\":\"en-US\",\"potentialAction\":[{\"@type\":\"ReadAction\",\"target\":[\"https:\/\/bewateragency.es\/en\/legal-notice\/\"]}]},{\"@type\":\"BreadcrumbList\",\"@id\":\"https:\/\/bewateragency.es\/en\/legal-notice\/#breadcrumb\",\"itemListElement\":[{\"@type\":\"ListItem\",\"position\":1,\"name\":\"Portada\",\"item\":\"https:\/\/bewateragency.es\/en\/\"},{\"@type\":\"ListItem\",\"position\":2,\"name\":\"Legal Notice\"}]},{\"@type\":\"WebSite\",\"@id\":\"https:\/\/bewateragency.es\/#website\",\"url\":\"https:\/\/bewateragency.es\/\",\"name\":\"Bewateragency\",\"description\":\"Agencia de modelos, actores y azafatas, Producci\u00f3n audiovisual en Tenerife, canarias.\",\"publisher\":{\"@id\":\"https:\/\/bewateragency.es\/#organization\"},\"potentialAction\":[{\"@type\":\"SearchAction\",\"target\":{\"@type\":\"EntryPoint\",\"urlTemplate\":\"https:\/\/bewateragency.es\/?s={search_term_string}\"},\"query-input\":{\"@type\":\"PropertyValueSpecification\",\"valueRequired\":true,\"valueName\":\"search_term_string\"}}],\"inLanguage\":\"en-US\"},{\"@type\":\"Organization\",\"@id\":\"https:\/\/bewateragency.es\/#organization\",\"name\":\"BewaterAgency\",\"url\":\"https:\/\/bewateragency.es\/\",\"logo\":{\"@type\":\"ImageObject\",\"inLanguage\":\"en-US\",\"@id\":\"https:\/\/bewateragency.es\/#\/schema\/logo\/image\/\",\"url\":\"https:\/\/bewateragency.es\/wp-content\/uploads\/2015\/04\/bw-mainlogo.png\",\"contentUrl\":\"https:\/\/bewateragency.es\/wp-content\/uploads\/2015\/04\/bw-mainlogo.png\",\"width\":500,\"height\":348,\"caption\":\"BewaterAgency\"},\"image\":{\"@id\":\"https:\/\/bewateragency.es\/#\/schema\/logo\/image\/\"},\"sameAs\":[\"https:\/\/www.facebook.com\/pages\/Bewateragency\/332703026904437?ref=hl\",\"https:\/\/x.com\/bewateragency\",\"http:\/\/instagram.com\/bewateragency\"]}]}<\/script>\n<!-- \/ Yoast SEO plugin. -->","yoast_head_json":{"title":"Legal Notice - Bewateragency","robots":{"index":"index","follow":"follow","max-snippet":"max-snippet:-1","max-image-preview":"max-image-preview:large","max-video-preview":"max-video-preview:-1"},"canonical":"https:\/\/bewateragency.es\/en\/legal-notice\/","og_locale":"en_US","og_type":"article","og_title":"Legal Notice - Bewateragency","og_description":"AVISO LEGAL Y CONDICIONES DE USO DEL SITIO Informaci\u00f3n general De acuerdo con el deber de informaci\u00f3n exigido en la Ley 34\/2002, de 11 de julio, de Servicios de la Sociedad de la Informaci\u00f3n y Comercio Electr\u00f3nico, se detallan a continuaci\u00f3n los datos de informaci\u00f3n general del sitio web: JOAQUIN RUBIO FERRERO- 09760425F CALLE MARIA [&hellip;]","og_url":"https:\/\/bewateragency.es\/en\/legal-notice\/","og_site_name":"Bewateragency","article_publisher":"https:\/\/www.facebook.com\/pages\/Bewateragency\/332703026904437?ref=hl","article_modified_time":"2018-10-22T15:05:15+00:00","og_image":[{"width":500,"height":348,"url":"https:\/\/bewateragency.es\/wp-content\/uploads\/2015\/04\/bw-mainlogo.png","type":"image\/png"}],"twitter_card":"summary_large_image","twitter_site":"@bewateragency","twitter_misc":{"Est. reading time":"2 minutes"},"schema":{"@context":"https:\/\/schema.org","@graph":[{"@type":"WebPage","@id":"https:\/\/bewateragency.es\/en\/legal-notice\/","url":"https:\/\/bewateragency.es\/en\/legal-notice\/","name":"Legal Notice - Bewateragency","isPartOf":{"@id":"https:\/\/bewateragency.es\/#website"},"datePublished":"2015-04-01T23:00:55+00:00","dateModified":"2018-10-22T15:05:15+00:00","breadcrumb":{"@id":"https:\/\/bewateragency.es\/en\/legal-notice\/#breadcrumb"},"inLanguage":"en-US","potentialAction":[{"@type":"ReadAction","target":["https:\/\/bewateragency.es\/en\/legal-notice\/"]}]},{"@type":"BreadcrumbList","@id":"https:\/\/bewateragency.es\/en\/legal-notice\/#breadcrumb","itemListElement":[{"@type":"ListItem","position":1,"name":"Portada","item":"https:\/\/bewateragency.es\/en\/"},{"@type":"ListItem","position":2,"name":"Legal Notice"}]},{"@type":"WebSite","@id":"https:\/\/bewateragency.es\/#website","url":"https:\/\/bewateragency.es\/","name":"Bewateragency","description":"Agencia de modelos, actores y azafatas, Producci\u00f3n audiovisual en Tenerife, canarias.","publisher":{"@id":"https:\/\/bewateragency.es\/#organization"},"potentialAction":[{"@type":"SearchAction","target":{"@type":"EntryPoint","urlTemplate":"https:\/\/bewateragency.es\/?s={search_term_string}"},"query-input":{"@type":"PropertyValueSpecification","valueRequired":true,"valueName":"search_term_string"}}],"inLanguage":"en-US"},{"@type":"Organization","@id":"https:\/\/bewateragency.es\/#organization","name":"BewaterAgency","url":"https:\/\/bewateragency.es\/","logo":{"@type":"ImageObject","inLanguage":"en-US","@id":"https:\/\/bewateragency.es\/#\/schema\/logo\/image\/","url":"https:\/\/bewateragency.es\/wp-content\/uploads\/2015\/04\/bw-mainlogo.png","contentUrl":"https:\/\/bewateragency.es\/wp-content\/uploads\/2015\/04\/bw-mainlogo.png","width":500,"height":348,"caption":"BewaterAgency"},"image":{"@id":"https:\/\/bewateragency.es\/#\/schema\/logo\/image\/"},"sameAs":["https:\/\/www.facebook.com\/pages\/Bewateragency\/332703026904437?ref=hl","https:\/\/x.com\/bewateragency","http:\/\/instagram.com\/bewateragency"]}]}},"_links":{"self":[{"href":"https:\/\/bewateragency.es\/en\/wp-json\/wp\/v2\/pages\/723","targetHints":{"allow":["GET"]}}],"collection":[{"href":"https:\/\/bewateragency.es\/en\/wp-json\/wp\/v2\/pages"}],"about":[{"href":"https:\/\/bewateragency.es\/en\/wp-json\/wp\/v2\/types\/page"}],"author":[{"embeddable":true,"href":"https:\/\/bewateragency.es\/en\/wp-json\/wp\/v2\/users\/1"}],"replies":[{"embeddable":true,"href":"https:\/\/bewateragency.es\/en\/wp-json\/wp\/v2\/comments?post=723"}],"version-history":[{"count":0,"href":"https:\/\/bewateragency.es\/en\/wp-json\/wp\/v2\/pages\/723\/revisions"}],"wp:attachment":[{"href":"https:\/\/bewateragency.es\/en\/wp-json\/wp\/v2\/media?parent=723"}],"curies":[{"name":"wp","href":"https:\/\/api.w.org\/{rel}","templated":true}]}}